{"id":940,"date":"2016-02-15T15:14:00","date_gmt":"2016-02-15T14:14:00","guid":{"rendered":"http:\/\/www.circolabile.it\/fr\/la-compagnie\/andrea-menozzi\/"},"modified":"2016-03-11T14:49:35","modified_gmt":"2016-03-11T13:49:35","slug":"andrea-menozzi","status":"publish","type":"page","link":"https:\/\/www.circolabile.it\/fr\/la-compagnie\/andrea-menozzi\/","title":{"rendered":"Andrea Menozzi"},"content":{"rendered":"<div class=\"pixslider js-pixslider\" data-arrows data-bullets data-autoheight data-slidertransition=\"move\">\n<div class=\"slide\">\n<p><img loading=\"lazy\" class=\"alignnone wp-image-639 size-full\" src=\"https:\/\/www.circolabile.it\/wp-content\/uploads\/2016\/02\/andrea-menozzi4-1.jpg\" alt=\"\" width=\"900\" height=\"600\" srcset=\"https:\/\/www.circolabile.it\/wp-content\/uploads\/2016\/02\/andrea-menozzi4-1.jpg 900w, https:\/\/www.circolabile.it\/wp-content\/uploads\/2016\/02\/andrea-menozzi4-1-300x200.jpg 300w, https:\/\/www.circolabile.it\/wp-content\/uploads\/2016\/02\/andrea-menozzi4-1-768x512.jpg 768w, https:\/\/www.circolabile.it\/wp-content\/uploads\/2016\/02\/andrea-menozzi4-1-800x533.jpg 800w, https:\/\/www.circolabile.it\/wp-content\/uploads\/2016\/02\/andrea-menozzi4-1-500x333.jpg 500w\" sizes=\"(max-width: 900px) 100vw, 900px\" \/><\/p>\n<p>&nbsp;<\/p>\n<p>&nbsp;<\/p>\n<\/div>\n<div class=\"slide\">\n<p><img loading=\"lazy\" class=\"alignnone wp-image-636 size-full\" src=\"https:\/\/www.circolabile.it\/wp-content\/uploads\/2016\/02\/andrea-menozzi5-1.jpg\" alt=\"\" width=\"900\" height=\"600\" srcset=\"https:\/\/www.circolabile.it\/wp-content\/uploads\/2016\/02\/andrea-menozzi5-1.jpg 900w, https:\/\/www.circolabile.it\/wp-content\/uploads\/2016\/02\/andrea-menozzi5-1-300x200.jpg 300w, https:\/\/www.circolabile.it\/wp-content\/uploads\/2016\/02\/andrea-menozzi5-1-768x512.jpg 768w, https:\/\/www.circolabile.it\/wp-content\/uploads\/2016\/02\/andrea-menozzi5-1-800x533.jpg 800w, https:\/\/www.circolabile.it\/wp-content\/uploads\/2016\/02\/andrea-menozzi5-1-500x333.jpg 500w\" sizes=\"(max-width: 900px) 100vw, 900px\" \/><\/p>\n<p>&nbsp;<\/p>\n<p>&nbsp;<\/p>\n<\/div>\n<div class=\"slide\">\n<p><img loading=\"lazy\" class=\"alignnone wp-image-633 size-full\" src=\"https:\/\/www.circolabile.it\/wp-content\/uploads\/2016\/02\/andrea-menozzi2-1.jpg\" alt=\"\" width=\"900\" height=\"600\" srcset=\"https:\/\/www.circolabile.it\/wp-content\/uploads\/2016\/02\/andrea-menozzi2-1.jpg 900w, https:\/\/www.circolabile.it\/wp-content\/uploads\/2016\/02\/andrea-menozzi2-1-300x200.jpg 300w, https:\/\/www.circolabile.it\/wp-content\/uploads\/2016\/02\/andrea-menozzi2-1-768x512.jpg 768w, https:\/\/www.circolabile.it\/wp-content\/uploads\/2016\/02\/andrea-menozzi2-1-800x533.jpg 800w, https:\/\/www.circolabile.it\/wp-content\/uploads\/2016\/02\/andrea-menozzi2-1-500x333.jpg 500w\" sizes=\"(max-width: 900px) 100vw, 900px\" \/><\/p>\n<p>&nbsp;<\/p>\n<p>&nbsp;<\/p>\n<\/div>\n<div class=\"slide\">\n<p>&nbsp;<\/p>\n<p><img loading=\"lazy\" class=\"alignnone wp-image-630 size-full\" src=\"https:\/\/www.circolabile.it\/wp-content\/uploads\/2016\/02\/andrea-menozzi-1-1.jpg\" alt=\"andrea-menozzi-1\" width=\"900\" height=\"600\" srcset=\"https:\/\/www.circolabile.it\/wp-content\/uploads\/2016\/02\/andrea-menozzi-1-1.jpg 900w, https:\/\/www.circolabile.it\/wp-content\/uploads\/2016\/02\/andrea-menozzi-1-1-300x200.jpg 300w, https:\/\/www.circolabile.it\/wp-content\/uploads\/2016\/02\/andrea-menozzi-1-1-768x512.jpg 768w, https:\/\/www.circolabile.it\/wp-content\/uploads\/2016\/02\/andrea-menozzi-1-1-800x533.jpg 800w, https:\/\/www.circolabile.it\/wp-content\/uploads\/2016\/02\/andrea-menozzi-1-1-500x333.jpg 500w\" sizes=\"(max-width: 900px) 100vw, 900px\" \/><\/p>\n<p>&nbsp;<\/p>\n<\/div>\n<div class=\"slide\">\n<p><img loading=\"lazy\" class=\"alignnone wp-image-627 size-full\" src=\"https:\/\/www.circolabile.it\/wp-content\/uploads\/2016\/02\/andrea-menozzi3-1.jpg\" alt=\"\" width=\"900\" height=\"600\" srcset=\"https:\/\/www.circolabile.it\/wp-content\/uploads\/2016\/02\/andrea-menozzi3-1.jpg 900w, https:\/\/www.circolabile.it\/wp-content\/uploads\/2016\/02\/andrea-menozzi3-1-300x200.jpg 300w, https:\/\/www.circolabile.it\/wp-content\/uploads\/2016\/02\/andrea-menozzi3-1-768x512.jpg 768w, https:\/\/www.circolabile.it\/wp-content\/uploads\/2016\/02\/andrea-menozzi3-1-800x533.jpg 800w, https:\/\/www.circolabile.it\/wp-content\/uploads\/2016\/02\/andrea-menozzi3-1-500x333.jpg 500w\" sizes=\"(max-width: 900px) 100vw, 900px\" \/><\/p>\n<p>&nbsp;<\/p>\n<p>&nbsp;<\/p>\n<\/div>\n<\/div>\n<p>&nbsp;<\/p>\n<p>Andrea Menozzi est n\u00e9 \u00e0 Reggio Emilia en 1972. <strong>Acteur<\/strong>, <strong>clown<\/strong>, <strong>jongleur<\/strong>, <strong>mime<\/strong>.<br \/>\nPolyvalent, il d\u00e9bute son parcours th\u00e9\u00e2tral \u00e0 l\u2019\u00e9cole de th\u00e9\u00e2tre Galante Garrone et continue sa formation, entre autres, avec Yves Lebreton, Jean Meningault et Pierre Byland. Il a collabor\u00e9 avec Dario Fo dans \u201cLa Gazette\u201d, Andr\u00e9 Casaca \u201cFamiglia Vagalume\u201d et Francesco Esposito \u201cL\u2019\u00e9lixir d\u2019amour\u201d. En 2005, il gagne le festival \u201cMercurdo\u201d avec son premier spectacle solo \u00e9crit et interpr\u00e9t\u00e9 par lui, \u201cDonnes-moi l\u2019eau car j\u2019ai faim\u201d (mise-en-sc\u00e8ne d\u2019Andr\u00e9 Casaca et Andrea Menozzi).<br \/>\nDepuis lors il parcourt les rues, festivals et th\u00e9\u00e2tres italiens et europ\u00e9ens avec ses productions, \u201cStoppino en valise\u201d, \u201cO comme\u2026Cacahu\u00e8te\u201d, \u201cMon petit monde\u201d et \u201cDr\u00ec\u00ec\u00ecn \u201d (mise-en-sc\u00e8ne de Jean Meningault). Andrea Menozzi par un simple regard, une grimace une observation d\u00e9clenche le rire.<br \/>\nPlus que l\u2019attention qu\u2019il d\u00e9die \u00e0 la technique qu\u2019il ex\u00e9cute avec pr\u00e9cision et naturel, c\u2019est sa capacit\u00e9 \u00e0 capturer l\u2019humanit\u00e9 dans sa com\u00e9die essentielle qui renverse son publique. Ses spectacles son rythm\u00e9s de continues improvisations muettes ou parlantes dans la langue de Stoppino qui ressemble \u00e0 toutes les autres mises ensemble. Sensible, il arrive \u00e0 saisir l\u2019instant, \u00e0 \u00eatre \u00e0 l\u2019\u00e9coute de son publique pour le transporter, un moment, dans une bulles de po\u00e9sie et d\u2019ironie.<\/p>\n","protected":false},"excerpt":{"rendered":"<p>&nbsp; Andrea Menozzi est n\u00e9 \u00e0 Reggio Emilia en 1972. Acteur, clown, jongleur, mime. Polyvalent, il d\u00e9bute son parcours th\u00e9\u00e2tral \u00e0 l\u2019\u00e9cole de th\u00e9\u00e2tre Galante Garrone et continue sa formation, entre autres, avec Yves Lebreton, Jean Meningault et Pierre Byland. Il a collabor\u00e9 avec Dario Fo dans \u201cLa Gazette\u201d, Andr\u00e9 Casaca \u201cFamiglia Vagalume\u201d et Francesco Esposito \u201cL\u2019\u00e9lixir d\u2019amour\u201d. En 2005, il gagne le festival \u201cMercurdo\u201d avec son premier spectacle solo \u00e9crit et interpr\u00e9t\u00e9 par lui, \u201cDonnes-moi l\u2019eau car j\u2019ai faim\u201d (mise-en-sc\u00e8ne d\u2019Andr\u00e9 Casaca et Andrea Menozzi). Depuis lors il parcourt les rues, festivals et th\u00e9\u00e2tres italiens et europ\u00e9ens avec ses [&hellip;]<\/p>\n","protected":false},"author":1,"featured_media":0,"parent":934,"menu_order":0,"comment_status":"closed","ping_status":"closed","template":"","meta":[],"_links":{"self":[{"href":"https:\/\/www.circolabile.it\/fr\/wp-json\/wp\/v2\/pages\/940"}],"collection":[{"href":"https:\/\/www.circolabile.it\/fr\/wp-json\/wp\/v2\/pages"}],"about":[{"href":"https:\/\/www.circolabile.it\/fr\/wp-json\/wp\/v2\/types\/page"}],"author":[{"embeddable":true,"href":"https:\/\/www.circolabile.it\/fr\/wp-json\/wp\/v2\/users\/1"}],"replies":[{"embeddable":true,"href":"https:\/\/www.circolabile.it\/fr\/wp-json\/wp\/v2\/comments?post=940"}],"version-history":[{"count":2,"href":"https:\/\/www.circolabile.it\/fr\/wp-json\/wp\/v2\/pages\/940\/revisions"}],"predecessor-version":[{"id":946,"href":"https:\/\/www.circolabile.it\/fr\/wp-json\/wp\/v2\/pages\/940\/revisions\/946"}],"up":[{"embeddable":true,"href":"https:\/\/www.circolabile.it\/fr\/wp-json\/wp\/v2\/pages\/934"}],"wp:attachment":[{"href":"https:\/\/www.circolabile.it\/fr\/wp-json\/wp\/v2\/media?parent=940"}],"curies":[{"name":"wp","href":"https:\/\/api.w.org\/{rel}","templated":true}]}}